{"id":61,"date":"2020-01-23T18:21:52","date_gmt":"2020-01-23T18:21:52","guid":{"rendered":"https:\/\/demosites.io\/web-agency-gb\/?page_id=61"},"modified":"2023-01-17T15:55:12","modified_gmt":"2023-01-17T15:55:12","slug":"dj-service","status":"publish","type":"page","link":"https:\/\/event.liesabeths.de\/index.php\/dj-service\/","title":{"rendered":"DJ-Service"},"content":{"rendered":"\n<div class=\"wp-block-cover alignfull\" style=\"min-height:300px;aspect-ratio:unset;\"><span aria-hidden=\"true\" class=\"wp-block-cover__background has-nv-site-bg-background-color has-background-dim-100 has-background-dim\"><\/span><div class=\"wp-block-cover__inner-container is-layout-flow wp-block-cover-is-layout-flow\">\n<div class=\"wp-block-group\"><div class=\"wp-block-group__inner-container is-layout-flow wp-block-group-is-layout-flow\">\n<h1 class=\"has-text-align-left has-neve-text-color-color has-text-color wp-block-heading\">DJ-Service<\/h1>\n<\/div><\/div>\n<\/div><\/div>\n\n\n<p>&nbsp;<\/p>\n\n\n<div class=\"wp-block-cover alignfull\" style=\"min-height: 600px;aspect-ratio:unset;\">\r\n<div class=\"wp-block-cover__inner-container is-layout-flow wp-block-cover-is-layout-flow\">\n\n<div class=\"wp-block-group\"><div class=\"wp-block-group__inner-container is-layout-flow wp-block-group-is-layout-flow\">\n\n<div class=\"wp-block-spacer\" style=\"height: 80px;\" aria-hidden=\"true\">\u00a0<\/div>\n\n\r\n\r\n\n<div class=\"wp-block-columns are-vertically-aligned-center has-neve-text-color-color has-text-color is-layout-flex wp-container-core-columns-is-layout-9d6595d7 wp-block-columns-is-layout-flex\">\n\n<div class=\"wp-block-column is-vertically-aligned-center is-layout-flow wp-block-column-is-layout-flow\" style=\"flex-basis: 50%;\">\n\n<figure class=\"wp-block-image size-large\"><img loading=\"lazy\" decoding=\"async\" class=\"alignnone wp-image-386 size-full\" src=\"https:\/\/event.liesabeths.de\/wp-content\/uploads\/2023\/01\/a-5784-1-min-1-scaled.jpg\" alt=\"\" width=\"2560\" height=\"2560\" srcset=\"https:\/\/event.liesabeths.de\/wp-content\/uploads\/2023\/01\/a-5784-1-min-1-scaled.jpg 2560w, https:\/\/event.liesabeths.de\/wp-content\/uploads\/2023\/01\/a-5784-1-min-1-300x300.jpg 300w, https:\/\/event.liesabeths.de\/wp-content\/uploads\/2023\/01\/a-5784-1-min-1-1024x1024.jpg 1024w, https:\/\/event.liesabeths.de\/wp-content\/uploads\/2023\/01\/a-5784-1-min-1-150x150.jpg 150w, https:\/\/event.liesabeths.de\/wp-content\/uploads\/2023\/01\/a-5784-1-min-1-768x768.jpg 768w, https:\/\/event.liesabeths.de\/wp-content\/uploads\/2023\/01\/a-5784-1-min-1-1536x1536.jpg 1536w, https:\/\/event.liesabeths.de\/wp-content\/uploads\/2023\/01\/a-5784-1-min-1-2048x2048.jpg 2048w\" sizes=\"auto, (max-width: 2560px) 100vw, 2560px\" \/><\/figure>\n\n<\/div>\n\n\r\n\r\n\n<div class=\"wp-block-column is-vertically-aligned-center is-layout-flow wp-block-column-is-layout-flow\" style=\"flex-basis: 50%;\">\n\n<h2 class=\"has-neve-text-color-color has-text-color wp-block-heading\"><em>&#8222;Die Liebe zur Musik&#8220;<\/em><\/h2>\n\n\r\n\r\n\n<p class=\"has-neve-text-color-color has-text-color\">Mein Name ist Yannick Liesabeths, ich bin 26 Jahre alt und seit 12 Jahren DJ in und um M\u00fcnchen.<br \/>Angefangen hat alles mit 13 Jahren auf einer Faschingsparty f\u00fcr die Unterstufe meines Gymnasiums. Dort schaute ich dem DJ zu und war fasziniert wie man mit Musik ein Publikum zu einer grandiosen Party-Stimmung bewegen kann. Meine Leidenschaft war geweckt und so begann ich mit einem kleinen Mischpult das Mixen von Musik.\u00a0<\/p>\n\n\r\n\r\n\n<\/div>\n\n<\/div>\n\n\r\n\r\n\n<div class=\"wp-block-spacer\" style=\"height: 40px;\" aria-hidden=\"true\"><a class=\"wp-block-button__link\" href=\"https:\/\/event.liesabeths.de\/index.php\/kontakt\/\">Angebot anfordern<\/a><\/div>\n\n<\/div><\/div>\n\n<\/div>\r\n<\/div>\n\n\n<p>&nbsp;<\/p>\n\n\n<div class=\"wp-block-cover alignfull\" style=\"min-height: 600px;aspect-ratio:unset;\">\r\n<div class=\"wp-block-cover__inner-container is-layout-flow wp-block-cover-is-layout-flow\">\n\n<div class=\"wp-block-group\"><div class=\"wp-block-group__inner-container is-layout-flow wp-block-group-is-layout-flow\">\n\n<div class=\"wp-block-spacer\" style=\"height: 80px;\" aria-hidden=\"true\">\u00a0<\/div>\n\n\r\n\r\n\n<div class=\"wp-block-columns are-vertically-aligned-center is-layout-flex wp-container-core-columns-is-layout-9d6595d7 wp-block-columns-is-layout-flex\">\n\n<div class=\"wp-block-column is-vertically-aligned-center is-layout-flow wp-block-column-is-layout-flow\" style=\"flex-basis: 50%;\">\n\n<h2 class=\"has-nv-text-dark-bg-color has-text-color wp-block-heading\"><em>&#8222;the next big steps&#8220;<\/em><\/h2>\n\n\r\n\r\n\n<p class=\"has-nv-text-dark-bg-color has-text-color\">Einige Zeit sp\u00e4ter legte ich schon auf der Prom-Night der Oberstufe auf. Ich begann mein Hobby zu professionalisieren, wobei gleichzeitig die Anl\u00e4sse und Partys stetig gr\u00f6\u00dfer wurden.<\/p>\r\n<p class=\"has-nv-text-dark-bg-color has-text-color\">In 2020 unterst\u00fctzte ich die Wei\u00dfen Feste in Allach, wo \u00fcber 200 Partyfreunde inWei\u00df die ganze Nacht ausgelassen feierten. In den letzten Jahren habe ich michauf Hochzeiten und Geburtstage spezialisiert. Musik aus den letzten Jahrzehnten sowie das Beste der aktuellen Hits, habe ich immer dabei.<\/p>\r\n<p>Egal ob Hochzeit, Geburtstag oder Firmen-Event, mit mir habt Ihr immer denrichtigen DJ an Eurer Seite.<\/p>\n\n\r\n\r\n\n<div class=\"wp-block-spacer\" style=\"height: 20px;\" aria-hidden=\"true\">\u00a0<\/div>\n\n\r\n\r\n\n<div class=\"wp-block-buttons is-layout-flex wp-block-buttons-is-layout-flex\">\n\n<div class=\"wp-block-button is-style-primary\"><a class=\"wp-block-button__link\" href=\"https:\/\/event.liesabeths.de\/index.php\/kontakt\/\">Angebot anfordern<\/a><\/div>\n\n<\/div>\n\n\r\n\r\n\n<div class=\"wp-block-spacer\" style=\"height: 20px;\" aria-hidden=\"true\">\u00a0<\/div>\n\n<\/div>\n\n\r\n\r\n\n<div class=\"wp-block-column is-vertically-aligned-center is-layout-flow wp-block-column-is-layout-flow\" style=\"flex-basis: 50%;\">\n\n<figure class=\"wp-block-image size-large\"><img loading=\"lazy\" decoding=\"async\" class=\"alignnone wp-image-371 size-large\" src=\"https:\/\/event.liesabeths.de\/wp-content\/uploads\/2023\/01\/a-5787-min-1-1024x683.jpg\" alt=\"\" width=\"1024\" height=\"683\" srcset=\"https:\/\/event.liesabeths.de\/wp-content\/uploads\/2023\/01\/a-5787-min-1-1024x683.jpg 1024w, https:\/\/event.liesabeths.de\/wp-content\/uploads\/2023\/01\/a-5787-min-1-300x200.jpg 300w, https:\/\/event.liesabeths.de\/wp-content\/uploads\/2023\/01\/a-5787-min-1-768x512.jpg 768w, https:\/\/event.liesabeths.de\/wp-content\/uploads\/2023\/01\/a-5787-min-1-1536x1024.jpg 1536w, https:\/\/event.liesabeths.de\/wp-content\/uploads\/2023\/01\/a-5787-min-1-2048x1365.jpg 2048w, https:\/\/event.liesabeths.de\/wp-content\/uploads\/2023\/01\/a-5787-min-1-930x620.jpg 930w\" sizes=\"auto, (max-width: 1024px) 100vw, 1024px\" \/><\/figure>\n\n<\/div>\n\n<\/div>\n\n\r\n\r\n\n<div class=\"wp-block-spacer\" style=\"height: 40px;\" aria-hidden=\"true\">\u00a0<\/div>\n\n<\/div><\/div>\n\n<\/div>\r\n<\/div>\n\n\n<p>&nbsp;<\/p>\n\n\n<div class=\"wp-block-cover alignfull is-layout-flow wp-block-cover-is-layout-flow\" style=\"min-height: 420px;aspect-ratio:unset;\">\r\n<div class=\"wp-block-cover__inner-container\">\r\n<div class=\"wp-block-spacer\" style=\"height: 80px;\" aria-hidden=\"true\">\u00a0<\/div>\r\n<div class=\"wp-block-columns\">\r\n<div class=\"wp-block-column ticss-4ce656f1\">\r\n<figure class=\"wp-block-image size-large icon-style is-style-rounded\"><img loading=\"lazy\" decoding=\"async\" width=\"72\" height=\"72\" class=\"wp-image-20\" src=\"https:\/\/event.liesabeths.de\/wp-content\/uploads\/2020\/01\/neve-webdesign-GB-03.png\" alt=\"\" \/><\/figure>\r\n<h3 class=\"has-text-align-left has-text-align-center has-neve-text-color-color has-text-color\">Erstkontakt<\/h3>\r\n<p class=\"has-text-align-left has-neve-text-color-color has-text-color\" style=\"font-size: 15px;\">Am besten nutzt Ihr das untenstehende Kontaktformular, um einen ersten Kontakt herzustellen.<br \/>Ich melde mich umgehend bei euch, um einen pers\u00f6nliche Beratung zu organisieren. Dabei k\u00f6nnen wir erste Details abkl\u00e4ren und ich kann euch n\u00fctzliche Tipps f\u00fcr Eure Veranstaltung geben.<\/p>\r\n<div class=\"wp-block-spacer\" style=\"height: 20px;\" aria-hidden=\"true\">\u00a0<\/div>\r\n<\/div>\r\n<div class=\"wp-block-column ticss-f6fc7494\">\r\n<figure class=\"wp-block-image size-large icon-style is-style-rounded\"><img loading=\"lazy\" decoding=\"async\" width=\"72\" height=\"72\" class=\"wp-image-20\" src=\"https:\/\/event.liesabeths.de\/wp-content\/uploads\/2020\/01\/neve-webdesign-GB-03.png\" alt=\"\" \/><\/figure>\r\n<h3 class=\"has-text-align-left has-text-align-center has-neve-text-color-color has-text-color\">Individuelle Betreuung &amp; Buchung<\/h3>\r\n<p class=\"has-text-align-left has-neve-text-color-color has-text-color\" style=\"font-size: 15px;\">Wenn Ihr zufrieden seid und Euch mein Angebot zusagt, schlie\u00dfen wir einen Vertrag, damit Ihr Euch sicher sein k\u00f6nnt, dass Euer Event zum musikalischen Top Hit wird und euch keine versteckten Kosten \u00fcberraschen. Ihr bekommt von mir ein kleines Formular wo Ihr Musikw\u00fcnsche\/Beleuchtung\/Technik vermerken k\u00f6nnt, damit Eure Party individuell auf euch abgestimmt werden kann.<\/p>\r\n<div class=\"wp-block-spacer\" style=\"height: 20px;\" aria-hidden=\"true\">\u00a0<\/div>\r\n<\/div>\r\n<div class=\"wp-block-column ticss-a5b4df29\">\r\n<figure class=\"wp-block-image size-large icon-style is-style-rounded\"><img loading=\"lazy\" decoding=\"async\" width=\"72\" height=\"72\" class=\"wp-image-20\" src=\"https:\/\/event.liesabeths.de\/wp-content\/uploads\/2020\/01\/neve-webdesign-GB-03.png\" alt=\"\" \/><\/figure>\r\n<h3 class=\"has-text-align-left has-text-align-center has-neve-text-color-color has-text-color\">Party<\/h3>\r\n<p class=\"has-text-align-left has-neve-text-color-color has-text-color\" style=\"font-size: 15px;\">Der gro\u00dfe Tag ist gekommen und wir feiern gemeinsam Euer besonderes Event.<\/p>\r\n<\/div>\r\n<\/div>\r\n<\/div>\r\n<\/div>\r\n<div class=\"wp-block-spacer\" style=\"height: 20px;\" aria-hidden=\"true\">\u00a0<\/div>\r\n<div aria-hidden=\"true\">\u00a0<\/div>\r\n<h3 aria-hidden=\"true\">Kontakt<\/h3>\r\n<div class=\"wp-block-cover alignfull\" style=\"min-height: 420px;\">\r\n<div class=\"wp-block-cover__inner-container\">\r\n<div class=\"wp-block-spacer\" style=\"height: 30px;\" aria-hidden=\"true\">\r\n<div data-test='contact-form' id='contact-form-61' class='wp-block-jetpack-contact-form-container '>\n<form action='https:\/\/event.liesabeths.de\/index.php\/dj-service\/#contact-form-61' method='post' class='contact-form commentsblock' aria-label=\"DJ-Service\" novalidate>\n\n<div style=\"\" class='grunion-field-name-wrap grunion-field-wrap'  >\n<label\n\t\t\t\tfor='g61-name'\n\t\t\t\tclass='grunion-field-label name'>Name<span class=\"grunion-label-required\" aria-hidden=\"true\">(erforderlich)<\/span><\/label>\n<input\n\t\t\t\t\ttype='text'\n\t\t\t\t\tname='g61-name'\n\t\t\t\t\tid='g61-name'\n\t\t\t\t\tvalue=''\n\t\t\t\t\tclass='name  grunion-field' \n\t\t\t\t\trequired aria-required='true' \/>\n\t<\/div>\n\n<div style=\"\" class='grunion-field-email-wrap grunion-field-wrap'  >\n<label\n\t\t\t\tfor='g61-email'\n\t\t\t\tclass='grunion-field-label email'>E-Mail<span class=\"grunion-label-required\" aria-hidden=\"true\">(erforderlich)<\/span><\/label>\n<input\n\t\t\t\t\ttype='email'\n\t\t\t\t\tname='g61-email'\n\t\t\t\t\tid='g61-email'\n\t\t\t\t\tvalue=''\n\t\t\t\t\tclass='email  grunion-field' \n\t\t\t\t\trequired aria-required='true' \/>\n\t<\/div>\n\n<div style=\"\" class='grunion-field-textarea-wrap grunion-field-wrap'  >\n<label\n\t\t\t\tfor='contact-form-comment-g61-nachricht'\n\t\t\t\tclass='grunion-field-label textarea'>Nachricht<span class=\"grunion-label-required\" aria-hidden=\"true\">(erforderlich)<\/span><\/label>\n<textarea\n\t\t                style=''\n\t\t                name='g61-nachricht'\n\t\t                id='contact-form-comment-g61-nachricht'\n\t\t                rows='20' class='textarea  grunion-field'  required aria-required='true'><\/textarea>\n\t<\/div>\n\t<p class='contact-submit'>\n\t\t<button type='submit' class='pushbutton-wide'>Senden<\/button>\t\t<input type='hidden' name='contact-form-id' value='61' \/>\n\t\t<input type='hidden' name='action' value='grunion-contact-form' \/>\n\t\t<input type='hidden' name='contact-form-hash' value='c8eec7542383df3f52c212f9f5221a2cbc05c07b' \/>\n\t<\/p>\n<\/form>\n<\/div>\r\n<\/div>\r\n<\/div>\r\n<\/div>\n\n\n\n<div class=\"wp-block-cover alignfull is-layout-flow wp-block-cover-is-layout-flow\" style=\"min-height: 600px;aspect-ratio:unset;\">\r\n<div class=\"wp-block-cover__inner-container\">\r\n<div class=\"wp-block-group\">\r\n<div class=\"wp-block-columns\">\r\n<div class=\"wp-block-column\">\r\n<div class=\"wp-block-spacer\" style=\"height: 40px;\" aria-hidden=\"true\">\u00a0<\/div>\r\n<\/div>\r\n<\/div>\r\n<\/div>\r\n<\/div>\r\n<\/div>\r\n<div class=\"wp-block-spacer\" style=\"height: 40px;\" aria-hidden=\"true\">\u00a0<\/div>\r\n<div aria-hidden=\"true\">\u00a0<\/div>\r\n<div aria-hidden=\"true\">\u00a0<\/div>\r\n<div aria-hidden=\"true\">\u00a0<\/div>\r\n<div aria-hidden=\"true\">\u00a0<\/div>\r\n<div aria-hidden=\"true\">\u00a0<\/div>\r\n<div aria-hidden=\"true\">\u00a0<\/div>\r\n<div aria-hidden=\"true\">\u00a0<\/div>\r\n<div aria-hidden=\"true\">\u00a0<\/div>\r\n<div aria-hidden=\"true\">\u00a0<\/div>\r\n<div aria-hidden=\"true\">\u00a0<\/div>\r\n<div aria-hidden=\"true\">\u00a0<\/div>\r\n<div aria-hidden=\"true\">\u00a0<\/div>\r\n<div aria-hidden=\"true\">\u00a0<\/div>\r\n<div aria-hidden=\"true\">\u00a0<\/div>\r\n<div aria-hidden=\"true\">\u00a0<\/div>\r\n<div aria-hidden=\"true\">\u00a0<\/div>\r\n<div aria-hidden=\"true\">\u00a0<\/div>\r\n<div aria-hidden=\"true\">\u00a0<\/div>\r\n<div aria-hidden=\"true\">\u00a0<\/div>\r\n<div aria-hidden=\"true\">\u00a0<\/div>\r\n<div aria-hidden=\"true\">\u00a0<\/div>\r\n<div aria-hidden=\"true\">\u00a0<\/div>\r\n<div aria-hidden=\"true\">\u00a0<\/div>\r\n<div aria-hidden=\"true\">\u00a0<\/div>\r\n<div aria-hidden=\"true\">\u00a0<\/div>\r\n<div aria-hidden=\"true\">\u00a0<\/div>\r\n<div aria-hidden=\"true\">\u00a0<\/div>\r\n<div aria-hidden=\"true\">\u00a0<\/div>\n","protected":false},"excerpt":{"rendered":"<p>&nbsp; &nbsp; &nbsp;<\/p>\n","protected":false},"author":1,"featured_media":0,"parent":0,"menu_order":0,"comment_status":"closed","ping_status":"closed","template":"","meta":{"neve_meta_sidebar":"","neve_meta_container":"","neve_meta_enable_content_width":"on","neve_meta_content_width":80,"neve_meta_title_alignment":"","neve_meta_author_avatar":"","neve_post_elements_order":"","neve_meta_disable_header":"","neve_meta_disable_footer":"","neve_meta_disable_title":"on","_themeisle_gutenberg_block_has_review":false,"footnotes":""},"class_list":["post-61","page","type-page","status-publish","hentry"],"jetpack_sharing_enabled":true,"_links":{"self":[{"href":"https:\/\/event.liesabeths.de\/index.php\/wp-json\/wp\/v2\/pages\/61","targetHints":{"allow":["GET"]}}],"collection":[{"href":"https:\/\/event.liesabeths.de\/index.php\/wp-json\/wp\/v2\/pages"}],"about":[{"href":"https:\/\/event.liesabeths.de\/index.php\/wp-json\/wp\/v2\/types\/page"}],"author":[{"embeddable":true,"href":"https:\/\/event.liesabeths.de\/index.php\/wp-json\/wp\/v2\/users\/1"}],"replies":[{"embeddable":true,"href":"https:\/\/event.liesabeths.de\/index.php\/wp-json\/wp\/v2\/comments?post=61"}],"version-history":[{"count":21,"href":"https:\/\/event.liesabeths.de\/index.php\/wp-json\/wp\/v2\/pages\/61\/revisions"}],"predecessor-version":[{"id":433,"href":"https:\/\/event.liesabeths.de\/index.php\/wp-json\/wp\/v2\/pages\/61\/revisions\/433"}],"wp:attachment":[{"href":"https:\/\/event.liesabeths.de\/index.php\/wp-json\/wp\/v2\/media?parent=61"}],"curies":[{"name":"wp","href":"https:\/\/api.w.org\/{rel}","templated":true}]}}