{"id":5,"date":"2020-01-13T11:17:52","date_gmt":"2020-01-13T11:17:52","guid":{"rendered":"https:\/\/demosites.io\/web-agency-gb\/?page_id=5"},"modified":"2023-07-15T18:04:48","modified_gmt":"2023-07-15T18:04:48","slug":"15c42-web-agency-gb-home","status":"publish","type":"page","link":"https:\/\/event.liesabeths.de\/","title":{"rendered":"Home"},"content":{"rendered":"\n<div class=\"wp-block-cover alignfull\" style=\"min-height:700px;aspect-ratio:unset;\"><span aria-hidden=\"true\" class=\"wp-block-cover__background has-background-dim-0 has-background-dim\"><\/span><img loading=\"lazy\" decoding=\"async\" width=\"2560\" height=\"1707\" class=\"wp-block-cover__image-background wp-image-355\" alt=\"\" src=\"https:\/\/event.liesabeths.de\/wp-content\/uploads\/2023\/01\/MG_2089-scaled.jpg\" data-object-fit=\"cover\" srcset=\"https:\/\/event.liesabeths.de\/wp-content\/uploads\/2023\/01\/MG_2089-scaled.jpg 2560w, https:\/\/event.liesabeths.de\/wp-content\/uploads\/2023\/01\/MG_2089-300x200.jpg 300w, https:\/\/event.liesabeths.de\/wp-content\/uploads\/2023\/01\/MG_2089-1024x683.jpg 1024w, https:\/\/event.liesabeths.de\/wp-content\/uploads\/2023\/01\/MG_2089-768x512.jpg 768w, https:\/\/event.liesabeths.de\/wp-content\/uploads\/2023\/01\/MG_2089-1536x1024.jpg 1536w, https:\/\/event.liesabeths.de\/wp-content\/uploads\/2023\/01\/MG_2089-2048x1365.jpg 2048w, https:\/\/event.liesabeths.de\/wp-content\/uploads\/2023\/01\/MG_2089-930x620.jpg 930w\" sizes=\"auto, (max-width: 2560px) 100vw, 2560px\" \/><div class=\"wp-block-cover__inner-container is-layout-flow wp-block-cover-is-layout-flow\">\n<div class=\"wp-block-spacer\" style=\"height: 80px;\" aria-hidden=\"true\">\u00a0<\/div>\n\n\n\n<h1 class=\"wp-block-heading has-text-align-center has-text-color\" style=\"color:#121212\">Passion driven by music<\/h1>\n\n\n\n<p class=\"has-text-align-center has-text-color\" style=\"color:#121212;font-size:17px\"><h2 class=\"has-text-align-center has-text-color\" style=\"color: #121212; font-size: 17px;\">Ihr professioneller DJ f\u00fcr M\u00fcnchen und Umgebung.<\/h2><\/p>\n\n\n\n<div class=\"wp-block-buttons is-horizontal is-content-justification-center is-layout-flex wp-container-core-buttons-is-layout-499968f5 wp-block-buttons-is-layout-flex\">\n<div class=\"wp-block-button is-style-primary\"><a class=\"wp-block-button__link wp-element-button\" href=\"https:\/\/event.liesabeths.de\/index.php\/dj-service\/\">Mehr Erfahren<\/a><\/div>\n\n\n\n<div class=\"wp-block-button is-style-default\"><a class=\"wp-block-button__link wp-element-button\" href=\"https:\/\/event.liesabeths.de\/index.php\/kontakt\/\">Kontakt<\/a><\/div>\n<\/div>\n\n\n\n<div class=\"wp-block-spacer\" style=\"height: 80px;\" aria-hidden=\"true\">\u00a0<\/div>\n\n\n\n<div class=\"wp-block-spacer\" style=\"height: 80px;\" aria-hidden=\"true\">\u00a0<\/div>\n<\/div><\/div>\n\n\n\n<div class=\"wp-block-spacer\" style=\"height: 80px;\" aria-hidden=\"true\">\u00a0<\/div>\n\n\n\n<div class=\"wp-block-columns is-layout-flex wp-container-core-columns-is-layout-9d6595d7 wp-block-columns-is-layout-flex\">\n<div class=\"wp-block-column is-layout-flow wp-block-column-is-layout-flow\"><div class=\"wp-block-image icon-style is-style-rounded\">\n<figure class=\"aligncenter size-large\"><img loading=\"lazy\" decoding=\"async\" width=\"72\" height=\"72\" src=\"https:\/\/event.liesabeths.de\/wp-content\/uploads\/2020\/01\/neve-webdesign-GB-03.png\" alt=\"\" class=\"wp-image-20\" title=\"\"\/><\/figure>\n<\/div>\n\n\n<h3 class=\"wp-block-heading has-text-align-center has-neve-text-color-color has-text-color\">Transparente Preise ohne Kostenfalle<\/h3>\n\n\n\n<p class=\"has-text-align-center\">Zusammen sprechen wir \u00fcber Ihre Veranstaltung und stecken die Rahmenbedingungen ab. Beratung&nbsp; und einfacher Kontakt stehen im Vordergrund. Buchen Sie das &#8222;Rund\u00adum-sorg\u00adlos-Pa\u00adket&#8220; und lehnen Sie sich entspannt zur\u00fcck.<\/p>\n\n\n\n<div class=\"wp-block-spacer\" style=\"height: 20px;\" aria-hidden=\"true\">\u00a0<\/div>\n<\/div>\n\n\n\n<div class=\"wp-block-column is-layout-flow wp-block-column-is-layout-flow\"><div class=\"wp-block-image icon-style is-style-rounded\">\n<figure class=\"aligncenter size-large\"><img loading=\"lazy\" decoding=\"async\" width=\"72\" height=\"72\" src=\"https:\/\/event.liesabeths.de\/wp-content\/uploads\/2020\/01\/neve-webdesign-GB-04.png\" alt=\"\" class=\"wp-image-21\"\/><\/figure>\n<\/div>\n\n\n<h3 class=\"wp-block-heading has-text-align-center has-neve-text-color-color has-text-color\">Qualit\u00e4t die Ihrem Event angemessen ist<\/h3>\n\n\n\n<p class=\"has-text-align-center\">Ob kleiner Geburtstag, Hochzeit oder Gro\u00dfe Firmenfeier, mit unserem Netzwerk k\u00f6nnen wir Ihnen ein gro\u00dfes Portfolio qualitativer und zuverl\u00e4ssiger Eventtechnik bieten.<\/p>\n\n\n\n<div class=\"wp-block-spacer\" style=\"height: 20px;\" aria-hidden=\"true\">\u00a0<\/div>\n<\/div>\n\n\n\n<div class=\"wp-block-column is-layout-flow wp-block-column-is-layout-flow\"><div class=\"wp-block-image icon-style is-style-rounded\">\n<figure class=\"aligncenter size-large\"><img loading=\"lazy\" decoding=\"async\" width=\"72\" height=\"72\" src=\"https:\/\/event.liesabeths.de\/wp-content\/uploads\/2020\/01\/neve-webdesign-GB-01.png\" alt=\"\" class=\"wp-image-18\"\/><\/figure>\n<\/div>\n\n\n<h3 class=\"wp-block-heading has-text-align-center has-neve-text-color-color has-text-color\">Schnelle und einfache Kommunikation<\/h3>\n\n\n\n<p class=\"has-text-align-center\">EIne schnelle Absprache oder eine Kurzfristige \u00c4nderung? Mit uns an Ihrer Seite kein Problem! Ihrem erfolgreichen Event steht nichts im Wege.<\/p>\n\n\n\n<div class=\"wp-block-spacer\" style=\"height: 20px;\" aria-hidden=\"true\">\u00a0<\/div>\n<\/div>\n<\/div>\n\n\n\n<div class=\"wp-block-spacer\" style=\"height: 80px;\" aria-hidden=\"true\">\u00a0<\/div>\n\n\n\n<div class=\"wp-block-cover alignfull\" style=\"min-height: 600px;aspect-ratio:unset;\">\r\n<div class=\"wp-block-cover__inner-container is-layout-flow wp-block-cover-is-layout-flow\">\n\n<div class=\"wp-block-group\"><div class=\"wp-block-group__inner-container is-layout-flow wp-block-group-is-layout-flow\">\n\n<div class=\"wp-block-spacer\" style=\"height: 80px;\" aria-hidden=\"true\">\u00a0<\/div>\n\n\r\n\r\n\n<div class=\"wp-block-columns are-vertically-aligned-center is-layout-flex wp-container-core-columns-is-layout-9d6595d7 wp-block-columns-is-layout-flex\">\n\n<div class=\"wp-block-column is-vertically-aligned-center is-layout-flow wp-block-column-is-layout-flow\" style=\"flex-basis: 50%;\">\n\n<figure class=\"wp-block-image size-large\"><img loading=\"lazy\" decoding=\"async\" class=\"alignnone wp-image-418 size-large\" src=\"https:\/\/event.liesabeths.de\/wp-content\/uploads\/2023\/01\/MG_2094-1024x683.jpg\" alt=\"\" width=\"1024\" height=\"683\" srcset=\"https:\/\/event.liesabeths.de\/wp-content\/uploads\/2023\/01\/MG_2094-1024x683.jpg 1024w, https:\/\/event.liesabeths.de\/wp-content\/uploads\/2023\/01\/MG_2094-300x200.jpg 300w, https:\/\/event.liesabeths.de\/wp-content\/uploads\/2023\/01\/MG_2094-768x512.jpg 768w, https:\/\/event.liesabeths.de\/wp-content\/uploads\/2023\/01\/MG_2094-1536x1024.jpg 1536w, https:\/\/event.liesabeths.de\/wp-content\/uploads\/2023\/01\/MG_2094-2048x1365.jpg 2048w, https:\/\/event.liesabeths.de\/wp-content\/uploads\/2023\/01\/MG_2094-930x620.jpg 930w\" sizes=\"auto, (max-width: 1024px) 100vw, 1024px\" \/><\/figure>\n\n<\/div>\n\n\r\n\r\n\n<div class=\"wp-block-column is-vertically-aligned-center is-layout-flow wp-block-column-is-layout-flow\" style=\"flex-basis: 50%;\">\n\n<div class=\"wp-block-spacer\" style=\"height: 20px;\" aria-hidden=\"true\">\u00a0<\/div>\n\n\r\n\r\n\n<h2 class=\"has-text-align-left has-neve-text-color-color has-text-color wp-block-heading\">DJ-Services<\/h2>\n\n\r\n\r\n\n<p class=\"has-text-align-left has-neve-text-color-color has-text-color\" style=\"font-size: 17px;\">Mit \u00fcber 10 Jahren DJ-&amp; Eventerfahrung stehen wir Ihnen kompetent und engagiert bei Ihrem Event zur Seite.<\/p>\n\n\r\n\r\n\n<div class=\"wp-block-buttons is-horizontal is-content-justification-left is-layout-flex wp-container-core-buttons-is-layout-7e5fce0a wp-block-buttons-is-layout-flex\">\n\n<div class=\"wp-block-button is-style-primary\"><a class=\"wp-block-button__link\" href=\"https:\/\/event.liesabeths.de\/index.php\/dj-service\/\">Erfahren Sie mehr<\/a><\/div>\n\n<\/div>\n\n<\/div>\n\n<\/div>\n\n\r\n\r\n\n<div class=\"wp-block-spacer\" style=\"height: 40px;\" aria-hidden=\"true\">\u00a0<\/div>\n\n<\/div><\/div>\n\n<\/div>\r\n<\/div>\n\n\n\n<div class=\"wp-block-cover alignfull\" style=\"min-height: 600px;aspect-ratio:unset;\">\r\n<div class=\"wp-block-cover__inner-container is-layout-flow wp-block-cover-is-layout-flow\">\n\n<div class=\"wp-block-group\"><div class=\"wp-block-group__inner-container is-layout-flow wp-block-group-is-layout-flow\">\n\n<div class=\"wp-block-spacer\" style=\"height: 80px;\" aria-hidden=\"true\">\u00a0<\/div>\n\n\r\n\r\n\n<div class=\"wp-block-columns are-vertically-aligned-center is-layout-flex wp-container-core-columns-is-layout-9d6595d7 wp-block-columns-is-layout-flex\">\n\n<div class=\"wp-block-column is-vertically-aligned-center is-layout-flow wp-block-column-is-layout-flow\" style=\"flex-basis: 50%;\">\n\n<h2 class=\"has-text-align-left has-neve-text-color-color has-text-color wp-block-heading\">Ticketshop<\/h2>\n\n\r\n\r\n\n<p class=\"has-text-align-left has-neve-text-color-color has-text-color\" style=\"font-size: 17px;\">Hier finden Sie Tickets zu ausgew\u00e4hlten Veranstaltungen.<\/p>\n\n\r\n\r\n\n<div class=\"wp-block-buttons is-horizontal is-content-justification-left is-layout-flex wp-container-core-buttons-is-layout-7e5fce0a wp-block-buttons-is-layout-flex\">\n\n<div class=\"wp-block-button is-style-primary\"><a class=\"wp-block-button__link\" href=\"https:\/\/event.liesabeths.de\/web-agency-gb-portfolio-single\/\">Ticket-Shop<\/a><\/div>\n\n<\/div>\n\n\r\n\r\n\n<div class=\"wp-block-spacer\" style=\"height: 40px;\" aria-hidden=\"true\">\u00a0<\/div>\n\n<\/div>\n\n\r\n\r\n\n<div class=\"wp-block-column is-vertically-aligned-center is-layout-flow wp-block-column-is-layout-flow\" style=\"flex-basis: 50%;\">\n\n<figure class=\"wp-block-image size-large\"><img loading=\"lazy\" decoding=\"async\" class=\"alignnone wp-image-379\" src=\"https:\/\/event.liesabeths.de\/wp-content\/uploads\/2023\/01\/andy-li-A_dJOYpxEVU-unsplash-300x200.jpg\" alt=\"\" width=\"900\" height=\"600\" srcset=\"https:\/\/event.liesabeths.de\/wp-content\/uploads\/2023\/01\/andy-li-A_dJOYpxEVU-unsplash-300x200.jpg 300w, https:\/\/event.liesabeths.de\/wp-content\/uploads\/2023\/01\/andy-li-A_dJOYpxEVU-unsplash-1024x683.jpg 1024w, https:\/\/event.liesabeths.de\/wp-content\/uploads\/2023\/01\/andy-li-A_dJOYpxEVU-unsplash-768x512.jpg 768w, https:\/\/event.liesabeths.de\/wp-content\/uploads\/2023\/01\/andy-li-A_dJOYpxEVU-unsplash-1536x1024.jpg 1536w, https:\/\/event.liesabeths.de\/wp-content\/uploads\/2023\/01\/andy-li-A_dJOYpxEVU-unsplash-2048x1365.jpg 2048w, https:\/\/event.liesabeths.de\/wp-content\/uploads\/2023\/01\/andy-li-A_dJOYpxEVU-unsplash-930x620.jpg 930w\" sizes=\"auto, (max-width: 900px) 100vw, 900px\" \/><\/figure>\n\n<\/div>\n\n<\/div>\n\n\r\n\r\n\n<div class=\"wp-block-spacer\" style=\"height: 40px;\" aria-hidden=\"true\">\u00a0<\/div>\n\n<\/div><\/div>\n\n<\/div>\r\n<\/div>\n\n\n\n<div class=\"wp-block-cover alignfull is-layout-flow wp-block-cover-is-layout-flow\" style=\"min-height: 600px;aspect-ratio:unset;\">\r\n<div class=\"wp-block-cover__inner-container\">\r\n<div class=\"wp-block-group\">\r\n<div class=\"wp-block-spacer\" style=\"height: 80px;\" aria-hidden=\"true\">\u00a0<\/div>\r\n<div class=\"wp-block-columns are-vertically-aligned-center\">\r\n<div class=\"wp-block-column is-vertically-aligned-center\" style=\"flex-basis: 50%;\">\r\n<figure class=\"wp-block-image size-large\"><img loading=\"lazy\" decoding=\"async\" class=\"alignnone wp-image-380\" src=\"https:\/\/event.liesabeths.de\/wp-content\/uploads\/2023\/01\/denisse-leon-OVEWbIgffDk-unsplash-300x200.jpg\" alt=\"\" width=\"900\" height=\"600\" srcset=\"https:\/\/event.liesabeths.de\/wp-content\/uploads\/2023\/01\/denisse-leon-OVEWbIgffDk-unsplash-300x200.jpg 300w, https:\/\/event.liesabeths.de\/wp-content\/uploads\/2023\/01\/denisse-leon-OVEWbIgffDk-unsplash-1024x683.jpg 1024w, https:\/\/event.liesabeths.de\/wp-content\/uploads\/2023\/01\/denisse-leon-OVEWbIgffDk-unsplash-768x512.jpg 768w, https:\/\/event.liesabeths.de\/wp-content\/uploads\/2023\/01\/denisse-leon-OVEWbIgffDk-unsplash-1536x1024.jpg 1536w, https:\/\/event.liesabeths.de\/wp-content\/uploads\/2023\/01\/denisse-leon-OVEWbIgffDk-unsplash-2048x1365.jpg 2048w, https:\/\/event.liesabeths.de\/wp-content\/uploads\/2023\/01\/denisse-leon-OVEWbIgffDk-unsplash-930x620.jpg 930w\" sizes=\"auto, (max-width: 900px) 100vw, 900px\" \/><\/figure>\r\n<\/div>\r\n<div class=\"wp-block-column is-vertically-aligned-center\" style=\"flex-basis: 50%;\">\r\n<div class=\"wp-block-spacer\" style=\"height: 40px;\" aria-hidden=\"true\">\u00a0<\/div>\r\n<h2 class=\"has-text-align-left has-nv-text-dark-bg-color has-text-color\">Eventverleih<\/h2>\r\n<p class=\"has-text-align-left has-nv-text-dark-bg-color has-text-color\" style=\"font-size: 17px;\">Hier finden Sie verschiedene Technik zum Leihen und selber nutzen.<\/p>\r\n<div class=\"wp-block-buttons\">\r\n<div class=\"wp-block-button is-style-primary\"><a class=\"wp-block-button__link\" href=\"https:\/\/event.liesabeths.de\/web-agency-gb-about-us\/\">Verleih<\/a><\/div>\r\n<\/div>\r\n<\/div>\r\n<\/div>\r\n<\/div>\r\n<\/div>\r\n<\/div>\r\n<div>\u00a0<\/div>\r\n<div>\u00a0<\/div>\r\n<div>\u00a0<\/div>\r\n<div>\u00a0<\/div>\r\n<div>\u00a0<\/div>\r\n<div>\u00a0<\/div>\r\n<div>\u00a0<\/div>\r\n<div>\u00a0<\/div>\r\n<div>\u00a0<\/div>\r\n<div>\u00a0<\/div>\r\n<div>\u00a0<\/div>\r\n<div>\u00a0<\/div>\r\n<div>\u00a0<\/div>\r\n<div>\u00a0<\/div>\r\n<div>\u00a0<\/div>\r\n<div>\u00a0<\/div>\r\n<div>\u00a0<\/div>\r\n<div>\u00a0<\/div>\r\n<div>\u00a0<\/div>\r\n<div>\u00a0<\/div>\n","protected":false},"excerpt":{"rendered":"<p>Transparente Preise ohne Kostenfalle Zusammen sprechen wir \u00fcber Ihre Veranstaltung und stecken die Rahmenbedingungen ab. Beratung&nbsp; und einfacher Kontakt stehen im Vordergrund. Buchen Sie das &#8222;Rund\u00adum-sorg\u00adlos-Pa\u00adket&#8220; und lehnen Sie sich entspannt zur\u00fcck. Qualit\u00e4t die Ihrem Event angemessen ist Ob kleiner Geburtstag, Hochzeit oder Gro\u00dfe Firmenfeier, mit unserem Netzwerk k\u00f6nnen wir Ihnen ein gro\u00dfes Portfolio qualitativer&hellip;&nbsp;<a href=\"https:\/\/event.liesabeths.de\/\" rel=\"bookmark\">Weiterlesen &raquo;<span class=\"screen-reader-text\">Home<\/span><\/a><\/p>\n","protected":false},"author":1,"featured_media":0,"parent":0,"menu_order":0,"comment_status":"closed","ping_status":"closed","template":"","meta":{"neve_meta_sidebar":"","neve_meta_container":"","neve_meta_enable_content_width":"on","neve_meta_content_width":90,"neve_meta_title_alignment":"","neve_meta_author_avatar":"","neve_post_elements_order":"","neve_meta_disable_header":"","neve_meta_disable_footer":"","neve_meta_disable_title":"on","_themeisle_gutenberg_block_has_review":false,"footnotes":""},"class_list":["post-5","page","type-page","status-publish","hentry"],"jetpack_sharing_enabled":true,"_links":{"self":[{"href":"https:\/\/event.liesabeths.de\/index.php\/wp-json\/wp\/v2\/pages\/5","targetHints":{"allow":["GET"]}}],"collection":[{"href":"https:\/\/event.liesabeths.de\/index.php\/wp-json\/wp\/v2\/pages"}],"about":[{"href":"https:\/\/event.liesabeths.de\/index.php\/wp-json\/wp\/v2\/types\/page"}],"author":[{"embeddable":true,"href":"https:\/\/event.liesabeths.de\/index.php\/wp-json\/wp\/v2\/users\/1"}],"replies":[{"embeddable":true,"href":"https:\/\/event.liesabeths.de\/index.php\/wp-json\/wp\/v2\/comments?post=5"}],"version-history":[{"count":18,"href":"https:\/\/event.liesabeths.de\/index.php\/wp-json\/wp\/v2\/pages\/5\/revisions"}],"predecessor-version":[{"id":447,"href":"https:\/\/event.liesabeths.de\/index.php\/wp-json\/wp\/v2\/pages\/5\/revisions\/447"}],"wp:attachment":[{"href":"https:\/\/event.liesabeths.de\/index.php\/wp-json\/wp\/v2\/media?parent=5"}],"curies":[{"name":"wp","href":"https:\/\/api.w.org\/{rel}","templated":true}]}}