{"id":443,"date":"2023-01-21T12:46:06","date_gmt":"2023-01-21T12:46:06","guid":{"rendered":"https:\/\/event.liesabeths.de\/?page_id=443"},"modified":"2023-01-21T12:46:08","modified_gmt":"2023-01-21T12:46:08","slug":"impressum","status":"publish","type":"page","link":"https:\/\/event.liesabeths.de\/index.php\/impressum\/","title":{"rendered":"Impressum"},"content":{"rendered":"\n<p>IMPRESSUM<\/p>\n\n\n\n<p>Angaben gem\u00e4\u00df \u00a7 5 TMG<\/p>\n\n\n\n<p>Yannick Liesabeths<\/p>\n\n\n\n<p>Drachenfelsstr. 880997 M\u00fcnchen<\/p>\n\n\n\n<p>USt-IdNr.: DE330021015<\/p>\n\n\n\n<p><strong>Vertreten durch: <\/strong>Yannick Liesabeths<\/p>\n\n\n\n<p><strong>Kontakt:<\/strong><\/p>\n\n\n\n<p>Telefon: +49 176 5659 21 10<\/p>\n\n\n\n<p>E-Mail: Event@Liesabeths.de<\/p>\n\n\n\n<p><strong>HAFTUNGSAUSSCHLUSS (DISCLAIMER)<\/strong><\/p>\n\n\n\n<p><strong>HAFTUNG F\u00dcR INHALTE<\/strong><\/p>\n\n\n\n<p>Als Diensteanbieter sind wir gem\u00e4\u00df \u00a7 7Abs.1 TMG f\u00fcr eigene Inhalte auf diesen Seiten nach den allgemeinen Gesetzen<\/p>\n\n\n\n<p>verantwortlich. Nach \u00a7\u00a7 8 bis 10 TMG sind wir als Diensteanbieter jedoch nichtverpflichtet, \u00fcbermittelte oder gespeichertefremde Informationen zu \u00fcberwachen oder nach Umst\u00e4nden zu forschen, die auf eine rechtswidrige T\u00e4tigkeit hinweisen.<\/p>\n\n\n\n<p>Verpflichtungen zur Entfernung oder Sperrung der Nutzung von Informationennach den allgemeinen Gesetzen bleiben hiervon unber\u00fchrt. Eine diesbez\u00fcgliche Haftung ist jedoch erst ab dem Zeitpunkt der Kenntnis einer konkreten Rechtsverletzung m\u00f6glich. Bei Bekanntwerden von entsprechenden Rechtsverletzungen werden wir diese Inhalte umgehend entfernen.<\/p>\n\n\n\n<p><strong>HAFTUNG F\u00dcR LINKS<\/strong><\/p>\n\n\n\n<p>Unser Angebot enth\u00e4lt Links zu externen Webseiten Dritter, auf deren Inhalte wirkeinen Einfluss haben. Deshalb k\u00f6nnen wir f\u00fcr diese fremden Inhalte auch keine Gew\u00e4hr \u00fcbernehmen. F\u00fcr die Inhalte der verlinkten Seiten ist stets der jeweilige Anbieter oder Betreiber der Seitenverantwortlich. Die verlinkten Seiten wurden zum Zeitpunkt der Verlinkung auf m\u00f6gliche Rechtsverst\u00f6\u00dfe \u00fcberpr\u00fcft. Rechtswidrige<\/p>\n\n\n\n<p>Inhalte waren zum Zeitpunkt der Verlinkung nicht erkennbar.<\/p>\n\n\n\n<p>Eine permanente inhaltliche Kontrolle der verlinkten Seiten ist jedoch ohne konkrete Anhaltspunkte einer Rechtsverletzung nichtzumutbar. Bei Bekanntwerden von Rechtsverletzungen werden wir derartige Links umgehend entfernen.<\/p>\n\n\n\n<p><strong>URHEBERRECHT<\/strong><\/p>\n\n\n\n<p>Die durch die Seitenbetreiber erstellten Inhalte und Werke auf diesen Seitenunterliegen dem deutschen Urheberrecht. Die Vervielf\u00e4ltigung, Bearbeitung, Verbreitung und jede Art der Verwertung au\u00dferhalb der Grenzen des Urheberrechtes bed\u00fcrfen der schriftlichen Zustimmung desjeweiligen Autors bzw. Erstellers. Downloads und Kopien dieser Seite sind nur f\u00fcr den privaten, nicht kommerziellen Gebrauch gestattet.<\/p>\n\n\n\n<p>Soweit die Inhalte auf dieser Seite nicht vom Betreiber erstellt wurden, werden die Urheberrechte Dritter beachtet. Insbesondere werden Inhalte Dritter als solche gekennzeichnet. Sollten Sie trotzdem auf eine Urheberrechtsverletzung aufmerksam werden, bitten wir um einen entsprechenden Hinweis. Bei Bekanntwerden von Rechtsverletzungen werden wir derartige Inhalte umgehend entfernen.<\/p>\n","protected":false},"excerpt":{"rendered":"<p>IMPRESSUM Angaben gem\u00e4\u00df \u00a7 5 TMG Yannick Liesabeths Drachenfelsstr. 880997 M\u00fcnchen USt-IdNr.: DE330021015 Vertreten durch: Yannick Liesabeths Kontakt: Telefon: +49 176 5659 21 10 E-Mail: Event@Liesabeths.de HAFTUNGSAUSSCHLUSS (DISCLAIMER) HAFTUNG F\u00dcR INHALTE Als Diensteanbieter sind wir gem\u00e4\u00df \u00a7 7Abs.1 TMG f\u00fcr eigene Inhalte auf diesen Seiten nach den allgemeinen Gesetzen verantwortlich. Nach \u00a7\u00a7 8 bis 10&hellip;&nbsp;<a href=\"https:\/\/event.liesabeths.de\/index.php\/impressum\/\" rel=\"bookmark\">Weiterlesen &raquo;<span class=\"screen-reader-text\">Impressum<\/span><\/a><\/p>\n","protected":false},"author":1,"featured_media":0,"parent":0,"menu_order":0,"comment_status":"closed","ping_status":"closed","template":"","meta":{"neve_meta_sidebar":"","neve_meta_container":"","neve_meta_enable_content_width":"","neve_meta_content_width":0,"neve_meta_title_alignment":"","neve_meta_author_avatar":"","neve_post_elements_order":"","neve_meta_disable_header":"","neve_meta_disable_footer":"","neve_meta_disable_title":"","_themeisle_gutenberg_block_has_review":false,"footnotes":""},"class_list":["post-443","page","type-page","status-publish","hentry"],"jetpack_sharing_enabled":true,"_links":{"self":[{"href":"https:\/\/event.liesabeths.de\/index.php\/wp-json\/wp\/v2\/pages\/443","targetHints":{"allow":["GET"]}}],"collection":[{"href":"https:\/\/event.liesabeths.de\/index.php\/wp-json\/wp\/v2\/pages"}],"about":[{"href":"https:\/\/event.liesabeths.de\/index.php\/wp-json\/wp\/v2\/types\/page"}],"author":[{"embeddable":true,"href":"https:\/\/event.liesabeths.de\/index.php\/wp-json\/wp\/v2\/users\/1"}],"replies":[{"embeddable":true,"href":"https:\/\/event.liesabeths.de\/index.php\/wp-json\/wp\/v2\/comments?post=443"}],"version-history":[{"count":1,"href":"https:\/\/event.liesabeths.de\/index.php\/wp-json\/wp\/v2\/pages\/443\/revisions"}],"predecessor-version":[{"id":444,"href":"https:\/\/event.liesabeths.de\/index.php\/wp-json\/wp\/v2\/pages\/443\/revisions\/444"}],"wp:attachment":[{"href":"https:\/\/event.liesabeths.de\/index.php\/wp-json\/wp\/v2\/media?parent=443"}],"curies":[{"name":"wp","href":"https:\/\/api.w.org\/{rel}","templated":true}]}}